{"id":13294,"date":"2023-01-16T15:05:35","date_gmt":"2023-01-16T15:05:35","guid":{"rendered":"https:\/\/bernat.maloik.es\/aviso-legal\/"},"modified":"2025-07-03T08:39:42","modified_gmt":"2025-07-03T08:39:42","slug":"aviso-legal","status":"publish","type":"page","link":"https:\/\/bernat.maloik.es\/es\/aviso-legal\/","title":{"rendered":"Aviso Legal"},"content":{"rendered":"\t\t<div data-elementor-type=\"wp-page\" data-elementor-id=\"13294\" class=\"elementor elementor-13294 elementor-11061\" data-elementor-post-type=\"page\">\n\t\t\t\t\t\t<section class=\"elementor-section elementor-top-section elementor-element elementor-element-25434705 elementor-section-full_width elementor-section-height-default elementor-section-height-default\" data-id=\"25434705\" data-element_type=\"section\" data-e-type=\"section\">\n\t\t\t\t\t\t<div class=\"elementor-container elementor-column-gap-default\">\n\t\t\t\t\t<div class=\"elementor-column elementor-col-100 elementor-top-column elementor-element elementor-element-5aa2d5b3\" data-id=\"5aa2d5b3\" data-element_type=\"column\" data-e-type=\"column\">\n\t\t\t<div class=\"elementor-widget-wrap elementor-element-populated\">\n\t\t\t\t\t\t<div class=\"elementor-element elementor-element-4bb4e95 elementor-widget elementor-widget-text-editor\" data-id=\"4bb4e95\" data-element_type=\"widget\" data-e-type=\"widget\" data-widget_type=\"text-editor.default\">\n\t\t\t\t<div class=\"elementor-widget-container\">\n\t\t\t\t\t\t\t\t\t\n<p data-start=\"250\" data-end=\"411\">Benvinguts a la p\u00e0gina web <a class=\"cursor-pointer\" target=\"_new\" rel=\"noopener\" data-start=\"277\" data-end=\"293\">www.bernatse.com<\/a> (en endavant, el \u201cLloc Web\u201d), propietat de Bernat Sanchez Enrique, amb NIF 47115633H (en endavant, el \u201cResponsable\u201d).<\/p>\n<h2 data-start=\"413\" data-end=\"449\">1. Identificaci\u00f3 del responsable<\/h2>\n<p data-start=\"451\" data-end=\"701\">Responsable del Lloc Web: <strong data-start=\"477\" data-end=\"503\">Bernat Sanchez Enrique<\/strong><br data-start=\"503\" data-end=\"506\" \/>NIF: 47115633H<br data-start=\"520\" data-end=\"523\" \/>Domicili: C\/ Mas d&#8217;En Po, 2 17520 Puigcerd\u00e0 (Girona)<br data-start=\"573\" data-end=\"576\" \/>Correu electr\u00f2nic de contacte: info@bernat.maloik.es<br data-start=\"641\" data-end=\"644\" \/>Tel\u00e8fon de contacte: 669 170 453<\/p>\n<h2 data-start=\"703\" data-end=\"746\">2. Propietat intel\u00b7lectual i industrial<\/h2>\n<p data-start=\"748\" data-end=\"957\">Tots els continguts del Lloc Web, incloent textos, imatges, gr\u00e0fics, disseny, logos, marques, aix\u00ed com el codi font, s\u00f3n propietat de Bernat Sanchez Enrique o de tercers que han autoritzat la seva utilitzaci\u00f3.<\/p>\n<p data-start=\"959\" data-end=\"1166\">Queda expressament prohibida la reproducci\u00f3 total o parcial, distribuci\u00f3, comunicaci\u00f3 p\u00fablica, transformaci\u00f3 o qualsevol altre \u00fas dels continguts sense l\u2019autoritzaci\u00f3 pr\u00e8via i escrita del titular dels drets.<\/p>\n<h2 data-start=\"1168\" data-end=\"1190\">3. Condicions d\u2019\u00fas<\/h2>\n<p data-start=\"1192\" data-end=\"1450\">L\u2019acc\u00e9s i \u00fas d\u2019aquest Lloc Web implica l\u2019acceptaci\u00f3 expressa de les presents condicions generals. L\u2019usuari es compromet a fer un \u00fas adequat dels continguts i serveis que s\u2019ofereixen a trav\u00e9s del mateix, sense que es produeixin danys ni perjudiquis a tercers.<\/p>\n<h2 data-start=\"1452\" data-end=\"1502\">4. Pol\u00edtica de privacitat i protecci\u00f3 de dades<\/h2>\n<p data-start=\"1504\" data-end=\"1640\">Per consultar la nostra pol\u00edtica de privacitat, gesti\u00f3 de dades personals i cookies, pots accedir a la secci\u00f3 corresponent del Lloc Web.<\/p>\n<h2 data-start=\"1642\" data-end=\"1679\">5. Exoneraci\u00f3 de responsabilitats<\/h2>\n<p data-start=\"1681\" data-end=\"1882\">Bernat Sanchez Enrique no es fa responsable dels errors o omissions en els continguts del Lloc Web, ni dels danys derivats de la seva utilitzaci\u00f3 o de l\u2019acc\u00e9s a altres webs mitjan\u00e7ant enlla\u00e7os (links).<\/p>\n<h2 data-start=\"1884\" data-end=\"1925\">6. Legislaci\u00f3 i jurisdicci\u00f3 aplicable<\/h2>\n<p data-start=\"1927\" data-end=\"2175\">Les presents condicions es regeixen per la legislaci\u00f3 espanyola. Per a qualsevol controv\u00e8rsia, les parts se sotmeten als jutjats i tribunals de la ciutat de Girona, amb ren\u00fancia expressa a qualsevol altre fur que pogu\u00e9s correspondre.<\/p>\n\t\t\t\t\t\t\t\t<\/div>\n\t\t\t\t<\/div>\n\t\t\t\t\t<\/div>\n\t\t<\/div>\n\t\t\t\t\t<\/div>\n\t\t<\/section>\n\t\t\t\t<\/div>\n\t\t","protected":false},"excerpt":{"rendered":"<p>Benvinguts a la p\u00e0gina web www.bernatse.com (en endavant, el \u201cLloc Web\u201d), propietat de Bernat Sanchez Enrique, amb NIF 47115633H (en endavant, el \u201cResponsable\u201d). 1. Identificaci\u00f3 del responsable Responsable del Lloc Web: Bernat Sanchez EnriqueNIF: 47115633HDomicili: C\/ Mas d&#8217;En Po, 2 17520 Puigcerd\u00e0 (Girona)Correu electr\u00f2nic de contacte: info@bernat.maloik.esTel\u00e8fon de contacte: 669 170 453 2. Propietat intel\u00b7lectual [&hellip;]<\/p>\n","protected":false},"author":1,"featured_media":0,"parent":0,"menu_order":0,"comment_status":"closed","ping_status":"open","template":"","meta":{"footnotes":""},"class_list":["post-13294","page","type-page","status-publish","hentry"],"_links":{"self":[{"href":"https:\/\/bernat.maloik.es\/es\/wp-json\/wp\/v2\/pages\/13294","targetHints":{"allow":["GET"]}}],"collection":[{"href":"https:\/\/bernat.maloik.es\/es\/wp-json\/wp\/v2\/pages"}],"about":[{"href":"https:\/\/bernat.maloik.es\/es\/wp-json\/wp\/v2\/types\/page"}],"author":[{"embeddable":true,"href":"https:\/\/bernat.maloik.es\/es\/wp-json\/wp\/v2\/users\/1"}],"replies":[{"embeddable":true,"href":"https:\/\/bernat.maloik.es\/es\/wp-json\/wp\/v2\/comments?post=13294"}],"version-history":[{"count":13,"href":"https:\/\/bernat.maloik.es\/es\/wp-json\/wp\/v2\/pages\/13294\/revisions"}],"predecessor-version":[{"id":13519,"href":"https:\/\/bernat.maloik.es\/es\/wp-json\/wp\/v2\/pages\/13294\/revisions\/13519"}],"wp:attachment":[{"href":"https:\/\/bernat.maloik.es\/es\/wp-json\/wp\/v2\/media?parent=13294"}],"curies":[{"name":"wp","href":"https:\/\/api.w.org\/{rel}","templated":true}]}}