{"id":13371,"date":"2025-06-19T11:38:08","date_gmt":"2025-06-19T11:38:08","guid":{"rendered":"https:\/\/bernat.maloik.es\/declaracion-de-accesibilidad\/"},"modified":"2025-06-30T12:52:36","modified_gmt":"2025-06-30T12:52:36","slug":"declaracion-de-accesibilidad","status":"publish","type":"page","link":"https:\/\/bernat.maloik.es\/es\/declaracion-de-accesibilidad\/","title":{"rendered":"Declaraci\u00f3n de Accesibilidad"},"content":{"rendered":"\t\t<div data-elementor-type=\"wp-page\" data-elementor-id=\"13371\" class=\"elementor elementor-13371 elementor-12704\" data-elementor-post-type=\"page\">\n\t\t\t\t<div class=\"elementor-element elementor-element-1526be3f e-flex e-con-boxed e-con e-parent\" data-id=\"1526be3f\" data-element_type=\"container\" data-e-type=\"container\">\n\t\t\t\t\t<div class=\"e-con-inner\">\n\t\t\t\t<div class=\"elementor-element elementor-element-198cf9fd elementor-widget elementor-widget-text-editor\" data-id=\"198cf9fd\" data-element_type=\"widget\" data-e-type=\"widget\" data-widget_type=\"text-editor.default\">\n\t\t\t\t<div class=\"elementor-widget-container\">\n\t\t\t\t\t\t\t\t\t\n<h4 class=\"wp-block-heading\"><a>www.bernatse.com<\/a> t\u00e9 com a objectiu garantir l\u2019accessibilitat per a totes les persones, complint amb els requisits de la Llei 34\/2002, el Reial Decret 1112\/2018, i les pautes WCAG 2.1 nivell AA.<\/h4>\n\n<h2 class=\"wp-block-heading\">Grado de conformidad<\/h2>\n\n<p>Este sitio web cumple con el nivel AA de las Pautas para la Accesibilidad de Contenidos Web (WCAG 2.1), con excepciones especificadas a continuaci\u00f3n.<\/p>\n\n<h2 class=\"wp-block-heading\">Excepciones y no conformidades<\/h2>\n\n<ul class=\"wp-block-list\">\n<li>Algunas im\u00e1genes no disponen de texto alternativo o este no describe completamente la informaci\u00f3n visual.<\/li>\n\n<li>Algunos elementos interactivos pueden presentar dificultades para usuarios con dispositivos de asistencia.<\/li>\n\n<li>Es posible que algunos documentos en formato PDF no cumplan totalmente con los criterios de accesibilidad.<\/li>\n<\/ul>\n\n<h2 class=\"wp-block-heading\">M\u00e9todos para comprobar la accesibilidad<\/h2>\n\n<ul class=\"wp-block-list\">\n<li>Validaci\u00f3n autom\u00e1tica mediante herramientas como WAVE y AXE.<\/li>\n\n<li>Pruebas de usuario con personas con discapacidad.<\/li>\n<\/ul>\n\n<h2 class=\"wp-block-heading\">Contacto para consultas y sugerencias.<\/h2>\n\n<p>Si tens dificultats per accedir a qualsevol contingut o vols enviar suggeriments per millorar l\u2019accessibilitat, pots contactar amb nosaltres a:<br>Correu electr\u00f2nic: info@bernat.maloik.es<br>Tel\u00e8fon: 669 170 453<\/p>\n\n<p>Nos comprometemos a responder en un plazo m\u00e1ximo de 5 d\u00edas h\u00e1biles y a ofrecerte una soluci\u00f3n alternativa si es necesario.<\/p>\n\n<h2 class=\"wp-block-heading\">Fecha de publicaci\u00f3n y actualizaci\u00f3n<\/h2>\n\n<p>Fecha de \u00faltima actualizaci\u00f3n: 18 de junio de 2025<\/p>\n\t\t\t\t\t\t\t\t<\/div>\n\t\t\t\t<\/div>\n\t\t\t\t\t<\/div>\n\t\t\t\t<\/div>\n\t\t\t\t<\/div>\n\t\t","protected":false},"excerpt":{"rendered":"<p>www.bernatse.com t\u00e9 com a objectiu garantir l\u2019accessibilitat per a totes les persones, complint amb els requisits de la Llei 34\/2002, el Reial Decret 1112\/2018, i les pautes WCAG 2.1 nivell AA. Grado de conformidad Este sitio web cumple con el nivel AA de las Pautas para la Accesibilidad de Contenidos Web (WCAG 2.1), con excepciones [&hellip;]<\/p>\n","protected":false},"author":1,"featured_media":0,"parent":0,"menu_order":0,"comment_status":"closed","ping_status":"open","template":"","meta":{"footnotes":""},"class_list":["post-13371","page","type-page","status-publish","hentry"],"_links":{"self":[{"href":"https:\/\/bernat.maloik.es\/es\/wp-json\/wp\/v2\/pages\/13371","targetHints":{"allow":["GET"]}}],"collection":[{"href":"https:\/\/bernat.maloik.es\/es\/wp-json\/wp\/v2\/pages"}],"about":[{"href":"https:\/\/bernat.maloik.es\/es\/wp-json\/wp\/v2\/types\/page"}],"author":[{"embeddable":true,"href":"https:\/\/bernat.maloik.es\/es\/wp-json\/wp\/v2\/users\/1"}],"replies":[{"embeddable":true,"href":"https:\/\/bernat.maloik.es\/es\/wp-json\/wp\/v2\/comments?post=13371"}],"version-history":[{"count":4,"href":"https:\/\/bernat.maloik.es\/es\/wp-json\/wp\/v2\/pages\/13371\/revisions"}],"predecessor-version":[{"id":13496,"href":"https:\/\/bernat.maloik.es\/es\/wp-json\/wp\/v2\/pages\/13371\/revisions\/13496"}],"wp:attachment":[{"href":"https:\/\/bernat.maloik.es\/es\/wp-json\/wp\/v2\/media?parent=13371"}],"curies":[{"name":"wp","href":"https:\/\/api.w.org\/{rel}","templated":true}]}}