{"id":13387,"date":"2025-06-19T11:36:49","date_gmt":"2025-06-19T11:36:49","guid":{"rendered":"https:\/\/bernat.maloik.es\/politica-de-cookies\/"},"modified":"2025-07-03T09:15:15","modified_gmt":"2025-07-03T09:15:15","slug":"politica-de-cookies","status":"publish","type":"page","link":"https:\/\/bernat.maloik.es\/es\/politica-de-cookies\/","title":{"rendered":"Pol\u00edtica de Cookies"},"content":{"rendered":"\n<h2 class=\"wp-block-heading\">1. Qu\u00e8 s\u00f3n les cookies?<\/h2>\n\n\n\n<p>Les cookies s\u00f3n fitxers que s\u2019instal\u00b7len al teu dispositiu quan navegues per un lloc web. Permeten que el lloc recordi informaci\u00f3 sobre la teva visita, com les teves prefer\u00e8ncies o altres dades, per millorar la teva experi\u00e8ncia de navegaci\u00f3.<\/p>\n\n\n\n<h2 class=\"wp-block-heading\">2. Tipus de cookies que utilitzem<\/h2>\n\n\n\n<p>A&nbsp;<a>www.bernatse.com<\/a>&nbsp;utilitzem els seg\u00fcents tipus de cookies:<\/p>\n\n\n\n<ul class=\"wp-block-list\">\n<li><strong>Cookies t\u00e8cniques:<\/strong>\u00a0S\u00f3n essencials perqu\u00e8 el lloc web funcioni correctament i permeten la navegaci\u00f3 i l\u2019\u00fas de les diferents funcionalitats.<\/li>\n\n\n\n<li><strong>Cookies d\u2019an\u00e0lisi:<\/strong>\u00a0Recullen informaci\u00f3 de manera an\u00f2nima sobre com els usuaris utilitzen el lloc web, amb l\u2019objectiu de millorar la seva estructura i continguts.<\/li>\n\n\n\n<li><strong>Cookies de tercers:<\/strong>\u00a0Poden ser instal\u00b7lades per serveis externs que utilitzem, com ara Google Analytics, per obtenir dades d\u2019\u00fas i rendiment del lloc web.<\/li>\n<\/ul>\n\n\n\n<h2 class=\"wp-block-heading\">3. Consentiment i desactivaci\u00f3 de cookies<\/h2>\n\n\n\n<p>Quan accedeixes per primera vegada a&nbsp;<a>www.bernatse.com<\/a>, se t\u2019informa de l\u2019\u00fas de cookies i se sol\u00b7licita el teu consentiment per activar-les. Pots acceptar-les totes o configurar-les segons les teves prefer\u00e8ncies.<\/p>\n\n\n\n<p>Pots gestionar o eliminar les cookies des del teu navegador, segons les instruccions seg\u00fcents:<\/p>\n\n\n\n<ul class=\"wp-block-list\">\n<li><a>Instruccions per a Google Chrome<\/a><\/li>\n\n\n\n<li><a class=\"\" href=\"https:\/\/support.mozilla.org\/ca\/kb\/activar-i-desactivar-cookies\">Instruccions per a Mozilla Firefox<\/a><\/li>\n\n\n\n<li><a class=\"\" href=\"https:\/\/support.microsoft.com\/ca-es\/microsoft-edge\/eliminar-les-cookies-dels-llocs-web-63947406-40ac-c3b8-57b9-2a946a29ae09\">Instruccions per a Microsoft Edge<\/a><\/li>\n\n\n\n<li><a class=\"\" href=\"https:\/\/support.apple.com\/ca-ca\/guide\/safari\/sfri11471\/mac\">Instruccions per a Safari<\/a><\/li>\n<\/ul>\n\n\n\n<h2 class=\"wp-block-heading\">4. Com desactivar les cookies al navegador<\/h2>\n\n\n\n<p>Tot i que pots desactivar les cookies, aix\u00f2 pot afectar el correcte funcionament del lloc web o limitar l\u2019acc\u00e9s a determinades \u00e0rees.<\/p>\n\n\n\n<h2 class=\"wp-block-heading\">5. M\u00e9s informaci\u00f3<\/h2>\n\n\n\n<p>Per a qualsevol dubte sobre aquesta pol\u00edtica de cookies, pots contactar amb nosaltres a: [indica el teu email de contacte].<\/p>\n","protected":false},"excerpt":{"rendered":"<p>1. Qu\u00e8 s\u00f3n les cookies? Les cookies s\u00f3n fitxers que s\u2019instal\u00b7len al teu dispositiu quan navegues per un lloc web. Permeten que el lloc recordi informaci\u00f3 sobre la teva visita, com les teves prefer\u00e8ncies o altres dades, per millorar la teva experi\u00e8ncia de navegaci\u00f3. 2. Tipus de cookies que utilitzem A&nbsp;www.bernatse.com&nbsp;utilitzem els seg\u00fcents tipus de [&hellip;]<\/p>\n","protected":false},"author":1,"featured_media":0,"parent":0,"menu_order":0,"comment_status":"closed","ping_status":"open","template":"","meta":{"footnotes":""},"class_list":["post-13387","page","type-page","status-publish","hentry"],"_hostinger_reach_plugin_has_subscription_block":false,"_hostinger_reach_plugin_is_elementor":false,"_links":{"self":[{"href":"https:\/\/bernat.maloik.es\/es\/wp-json\/wp\/v2\/pages\/13387","targetHints":{"allow":["GET"]}}],"collection":[{"href":"https:\/\/bernat.maloik.es\/es\/wp-json\/wp\/v2\/pages"}],"about":[{"href":"https:\/\/bernat.maloik.es\/es\/wp-json\/wp\/v2\/types\/page"}],"author":[{"embeddable":true,"href":"https:\/\/bernat.maloik.es\/es\/wp-json\/wp\/v2\/users\/1"}],"replies":[{"embeddable":true,"href":"https:\/\/bernat.maloik.es\/es\/wp-json\/wp\/v2\/comments?post=13387"}],"version-history":[{"count":4,"href":"https:\/\/bernat.maloik.es\/es\/wp-json\/wp\/v2\/pages\/13387\/revisions"}],"predecessor-version":[{"id":13528,"href":"https:\/\/bernat.maloik.es\/es\/wp-json\/wp\/v2\/pages\/13387\/revisions\/13528"}],"wp:attachment":[{"href":"https:\/\/bernat.maloik.es\/es\/wp-json\/wp\/v2\/media?parent=13387"}],"curies":[{"name":"wp","href":"https:\/\/api.w.org\/{rel}","templated":true}]}}